{"id":7294,"date":"2022-11-22T12:14:40","date_gmt":"2022-11-22T11:14:40","guid":{"rendered":"https:\/\/teslux.sk\/shop\/product\/led-t8-roehre-bis-zu-170-lm-w-10-stueck\/"},"modified":"2022-11-22T12:14:40","modified_gmt":"2022-11-22T11:14:40","slug":"led-t8-sklenena-trubica-170-lm-w-10ks","status":"publish","type":"product","link":"https:\/\/teslux.sk\/de\/shop\/product\/led-t8-sklenena-trubica-170-lm-w-10ks\/","title":{"rendered":"LED T8-R\u00f6hre bis zu 170 lm\/W &#8211; 10 St\u00fcck"},"content":{"rendered":"<div><strong>Der Preis gilt f\u00fcr 10 St\u00fcck T8-R\u00f6hren<\/strong><\/div>\n<div><\/div>\n<div>Die energiesparende LED-R\u00f6hre ersetzt die klassische Leuchtstoffr\u00f6hre. Die T8-LED-R\u00f6hre verf\u00fcgt \u00fcber einen <strong>hohen Lichtstrom<\/strong> von bis zu <strong>170 lm\/W<\/strong> und kann <strong>80 % Strom<\/strong> sparen.<\/div>\n<div><\/div>\n<div>Das Geh\u00e4use dieser LED-R\u00f6hre ist aus Aluminium und enth\u00e4lt eine PC-Abdeckung, die die schnellste<strong> W\u00e4rmeableitung<\/strong> vom K\u00fchlk\u00f6rper an die Umgebung erm\u00f6glicht. Hochwertige LED-Chips sorgen f\u00fcr einen zuverl\u00e4ssigen, <strong>flackerfreien<\/strong> Betrieb.<\/div>\n<div><\/div>\n<div>Die LED-R\u00f6hre hat eine sehr <strong>lange Lebensdauer von<\/strong> bis zu<strong> 50000 Stunden<\/strong> im Vergleich zu einer klassischen Leuchtstoffr\u00f6hre. Dadurch sparen Sie \u00fcber die gesamte Lebensdauer eine gro\u00dfe Menge an Strom und damit Geld.<\/div>\n<div>Die <strong>Garantie<\/strong> ist mit <strong>60 Monaten<\/strong> doppelt so lang wie die von Konkurrenzprodukten.<\/div>\n<div><\/div>\n<div>Es kann in <strong>Arbeitsr\u00e4umen, B\u00fcros, Fitnessr\u00e4umen, <\/strong>aber auch in<strong> Badezimmern, Produktionsbereichen<\/strong> usw. eingesetzt werden.<\/div>\n<div><\/div>\n<div><\/div>\n<div><strong>Zubeh\u00f6r:<\/strong><\/div>\n<div><a href=\"https:\/\/teslux.sk\/shop\/product\/drziak-na-led-t8-sklenenu-trubicu\/\">LED-R\u00f6hrenhalter<\/a><\/div>\n","protected":false},"excerpt":{"rendered":"<p>Der Preis gilt f\u00fcr 10 St\u00fcck T8-R\u00f6hren Die energiesparende LED-R\u00f6hre ersetzt die klassische Leuchtstoffr\u00f6hre. Die T8-LED-R\u00f6hre verf\u00fcgt \u00fcber einen hohen Lichtstrom von bis zu 170 lm\/W und kann 80 % Strom sparen. Das Geh\u00e4use dieser LED-R\u00f6hre ist aus Aluminium und enth\u00e4lt eine PC-Abdeckung, die die schnellste W\u00e4rmeableitung vom K\u00fchlk\u00f6rper an die Umgebung erm\u00f6glicht. Hochwertige LED-Chips [&hellip;]<\/p>\n","protected":false},"featured_media":24549,"template":"","meta":[],"product_brand":[],"product_cat":[48],"product_tag":[],"class_list":{"0":"post-7294","1":"product","2":"type-product","3":"status-publish","4":"has-post-thumbnail","6":"product_cat-nezaradene","8":"first","9":"instock","10":"taxable","11":"shipping-taxable","12":"product-type-variable"},"jetpack_sharing_enabled":true,"_links":{"self":[{"href":"https:\/\/teslux.sk\/de\/wp-json\/wp\/v2\/product\/7294","targetHints":{"allow":["GET"]}}],"collection":[{"href":"https:\/\/teslux.sk\/de\/wp-json\/wp\/v2\/product"}],"about":[{"href":"https:\/\/teslux.sk\/de\/wp-json\/wp\/v2\/types\/product"}],"wp:featuredmedia":[{"embeddable":true,"href":"https:\/\/teslux.sk\/de\/wp-json\/wp\/v2\/media\/24549"}],"wp:attachment":[{"href":"https:\/\/teslux.sk\/de\/wp-json\/wp\/v2\/media?parent=7294"}],"wp:term":[{"taxonomy":"product_brand","embeddable":true,"href":"https:\/\/teslux.sk\/de\/wp-json\/wp\/v2\/product_brand?post=7294"},{"taxonomy":"product_cat","embeddable":true,"href":"https:\/\/teslux.sk\/de\/wp-json\/wp\/v2\/product_cat?post=7294"},{"taxonomy":"product_tag","embeddable":true,"href":"https:\/\/teslux.sk\/de\/wp-json\/wp\/v2\/product_tag?post=7294"}],"curies":[{"name":"wp","href":"https:\/\/api.w.org\/{rel}","templated":true}]}}