{"id":7456,"date":"2022-11-21T11:25:53","date_gmt":"2022-11-21T10:25:53","guid":{"rendered":"https:\/\/teslux.sk\/shop\/product\/led-bulkhead-ip66-mit-bewegungssensor\/"},"modified":"2022-11-21T11:25:53","modified_gmt":"2022-11-21T10:25:53","slug":"led-bulkhead-ip66","status":"publish","type":"product","link":"https:\/\/teslux.sk\/de\/shop\/product\/led-bulkhead-ip66\/","title":{"rendered":"LED Bulkhead IP66 mit Bewegungssensor"},"content":{"rendered":"<div>Die Bulkhead-Leuchte mit Bewegungssensor bietet maximale Energieeinsparung und hohe IP66\/IK08-Resistenz.<\/div>\n<div><\/div>\n<div>Die Leuchte eignet sich f\u00fcr den Einsatz in Lagerhallen, Sporthallen, Produktionsst\u00e4tten, Schutzr\u00e4umen im Freien, K\u00fchlh\u00e4usern usw.<\/div>\n<div><\/div>\n<div>Der Bewegungserfassungsbereich betr\u00e4gt 12m bei 0,3m\/s und 4m bei 1m\/s bei einer Installation in 4m H\u00f6he.<\/div>\n<div><\/div>\n<div><a href=\"https:\/\/teslux.sk\/wp-content\/uploads\/2022\/11\/katalogovy-list-TSLX-BH.pdf\">Katalog-Liste-TSLX-BH<\/a><\/div>\n","protected":false},"excerpt":{"rendered":"<p>Die Bulkhead-Leuchte mit Bewegungssensor bietet maximale Energieeinsparung und hohe IP66\/IK08-Resistenz. Die Leuchte eignet sich f\u00fcr den Einsatz in Lagerhallen, Sporthallen, Produktionsst\u00e4tten, Schutzr\u00e4umen im Freien, K\u00fchlh\u00e4usern usw. Der Bewegungserfassungsbereich betr\u00e4gt 12m bei 0,3m\/s und 4m bei 1m\/s bei einer Installation in 4m H\u00f6he. Katalog-Liste-TSLX-BH<\/p>\n","protected":false},"featured_media":24576,"template":"","meta":[],"product_brand":[],"product_cat":[47],"product_tag":[],"class_list":{"0":"post-7456","1":"product","2":"type-product","3":"status-publish","4":"has-post-thumbnail","6":"product_cat-unkategorisiert","8":"first","9":"instock","10":"taxable","11":"shipping-taxable","12":"product-type-variable"},"jetpack_sharing_enabled":true,"_links":{"self":[{"href":"https:\/\/teslux.sk\/de\/wp-json\/wp\/v2\/product\/7456","targetHints":{"allow":["GET"]}}],"collection":[{"href":"https:\/\/teslux.sk\/de\/wp-json\/wp\/v2\/product"}],"about":[{"href":"https:\/\/teslux.sk\/de\/wp-json\/wp\/v2\/types\/product"}],"wp:featuredmedia":[{"embeddable":true,"href":"https:\/\/teslux.sk\/de\/wp-json\/wp\/v2\/media\/24576"}],"wp:attachment":[{"href":"https:\/\/teslux.sk\/de\/wp-json\/wp\/v2\/media?parent=7456"}],"wp:term":[{"taxonomy":"product_brand","embeddable":true,"href":"https:\/\/teslux.sk\/de\/wp-json\/wp\/v2\/product_brand?post=7456"},{"taxonomy":"product_cat","embeddable":true,"href":"https:\/\/teslux.sk\/de\/wp-json\/wp\/v2\/product_cat?post=7456"},{"taxonomy":"product_tag","embeddable":true,"href":"https:\/\/teslux.sk\/de\/wp-json\/wp\/v2\/product_tag?post=7456"}],"curies":[{"name":"wp","href":"https:\/\/api.w.org\/{rel}","templated":true}]}}