{"id":7492,"date":"2022-11-21T09:54:29","date_gmt":"2022-11-21T08:54:29","guid":{"rendered":"https:\/\/teslux.sk\/shop\/product\/rgbwww-led-panel\/"},"modified":"2022-11-21T09:54:29","modified_gmt":"2022-11-21T08:54:29","slug":"rgbcw-led-panel","status":"publish","type":"product","link":"https:\/\/teslux.sk\/de\/shop\/product\/rgbcw-led-panel\/","title":{"rendered":"RGBWWW LED-Panel"},"content":{"rendered":"<div>\n<p>RGBWWWW LED-Panel mit <strong>einstellbarer Lichtfarbe<\/strong> \u00fcber <a href=\"https:\/\/teslux.sk\/shop\/product\/dialkove-ovladanie-pre-rgbwww-led-panel\/\">Fernbedienung<\/a> (separat zu erwerben).<\/p>\n<div>\n<p>Mit einem breiten Spektrum von <strong>16 Millionen Farben<\/strong> und einer Einstellung der Lichttemperatur von <strong>2800K &#8211; 6500K<\/strong> bietet das RGBWWWW LED-Panel die ideale Beleuchtung f\u00fcr jede Gelegenheit.<\/p>\n<\/div>\n<ul>\n<li>Die Leuchte dient zur Beleuchtung von z. B. B\u00fcros, Auditorium, Konferenzraum.<\/li>\n<li>Sie kann als dekorative Beleuchtung f\u00fcr Hotels und Pensionen dienen.<\/li>\n<li>Deckenmontage mit speziellem Montagerahmen (nicht im Lieferumfang enthalten).<\/li>\n<li>Einbau in abgeh\u00e4ngte Kassettendecken mit Modul 600 x 600 mm.<\/li>\n<li>LED-Paneele sorgen dank des einfachen Einbaus in Gipskartondecken oder Kassettendecken f\u00fcr eine interessante Innenbeleuchtung<\/li>\n<\/ul>\n<\/div>\n<div>Jedes Paket enth\u00e4lt ein Netzteil mit 230 V-Eingangsspannung, das f\u00fcr den direkten Anschluss an das Stromnetz geeignet ist, so dass keine zus\u00e4tzlichen Komponenten gekauft werden m\u00fcssen.<\/div>\n<div><\/div>\n<div>\n<div>\n<div><strong>Zubeh\u00f6r:<\/strong><\/div>\n<div><a href=\"https:\/\/teslux.sk\/shop\/product\/dialkove-ovladanie-pre-rgbwww-led-panel\/\">Fernsteuerung<\/a><\/div>\n<div><a href=\"https:\/\/teslux.sk\/shop\/product\/ramcek-pre-led-panel\/\">Rahmen f\u00fcr LED-Panel<\/a><\/div>\n<div><a href=\"https:\/\/teslux.sk\/shop\/product\/zavesne-lanka-pre-led-panel\/\">Aufh\u00e4ngekabel f\u00fcr LED-Panel<\/a><\/div>\n<div><a href=\"https:\/\/teslux.sk\/shop\/product\/sada-klipov-pre-led-panel\/\">Clip-Set f\u00fcr LED-Panel<\/a><\/div>\n<\/div>\n<\/div>\n<div><\/div>\n<div><strong>Katalogblatt:<\/strong><\/div>\n<div><a href=\"https:\/\/teslux.sk\/wp-content\/uploads\/2022\/11\/TESLUX-RGBWWW-Panel.pdf\">TESLUX RGBWWW-Panel<\/a><\/div>\n<div><a href=\"https:\/\/teslux.sk\/wp-content\/uploads\/2023\/03\/RGBWWW-dialkove-ovladanie.pdf\">RGBWWWW-Fernsteuerung<\/a><\/div>\n","protected":false},"excerpt":{"rendered":"<p>RGBWWWW LED-Panel mit einstellbarer Lichtfarbe \u00fcber Fernbedienung (separat zu erwerben). Mit einem breiten Spektrum von 16 Millionen Farben und einer Einstellung der Lichttemperatur von 2800K &#8211; 6500K bietet das RGBWWWW LED-Panel die ideale Beleuchtung f\u00fcr jede Gelegenheit. Die Leuchte dient zur Beleuchtung von z. B. B\u00fcros, Auditorium, Konferenzraum. Sie kann als dekorative Beleuchtung f\u00fcr Hotels [&hellip;]<\/p>\n","protected":false},"featured_media":25481,"template":"","meta":[],"product_brand":[],"product_cat":[48],"product_tag":[],"class_list":{"0":"post-7492","1":"product","2":"type-product","3":"status-publish","4":"has-post-thumbnail","6":"product_cat-nezaradene","8":"first","9":"instock","10":"taxable","11":"shipping-taxable","12":"product-type-variable"},"jetpack_sharing_enabled":true,"_links":{"self":[{"href":"https:\/\/teslux.sk\/de\/wp-json\/wp\/v2\/product\/7492","targetHints":{"allow":["GET"]}}],"collection":[{"href":"https:\/\/teslux.sk\/de\/wp-json\/wp\/v2\/product"}],"about":[{"href":"https:\/\/teslux.sk\/de\/wp-json\/wp\/v2\/types\/product"}],"wp:featuredmedia":[{"embeddable":true,"href":"https:\/\/teslux.sk\/de\/wp-json\/wp\/v2\/media\/25481"}],"wp:attachment":[{"href":"https:\/\/teslux.sk\/de\/wp-json\/wp\/v2\/media?parent=7492"}],"wp:term":[{"taxonomy":"product_brand","embeddable":true,"href":"https:\/\/teslux.sk\/de\/wp-json\/wp\/v2\/product_brand?post=7492"},{"taxonomy":"product_cat","embeddable":true,"href":"https:\/\/teslux.sk\/de\/wp-json\/wp\/v2\/product_cat?post=7492"},{"taxonomy":"product_tag","embeddable":true,"href":"https:\/\/teslux.sk\/de\/wp-json\/wp\/v2\/product_tag?post=7492"}],"curies":[{"name":"wp","href":"https:\/\/api.w.org\/{rel}","templated":true}]}}