{"id":7688,"date":"2022-09-16T13:49:32","date_gmt":"2022-09-16T11:49:32","guid":{"rendered":"https:\/\/teslux.sk\/shop\/product\/led-linearleuchte\/"},"modified":"2022-09-16T13:49:32","modified_gmt":"2022-09-16T11:49:32","slug":"linear-licht","status":"publish","type":"product","link":"https:\/\/teslux.sk\/de\/shop\/product\/linear-licht\/","title":{"rendered":"LED-Linearleuchte"},"content":{"rendered":"<div>Die Leuchte bietet hochwertige Beleuchtung im B\u00fcro. Mit Leistungen von 18 bis 48 W und Lichtstr\u00f6men von 1980 bis 5280 lm ist sie ein hervorragender Ersatz f\u00fcr herk\u00f6mmliche Langfeldleuchten.<\/div>\n<div>Hervorragende W\u00e4rmeableitung, die M\u00f6glichkeit der Vernetzung bis zu 12 Metern, energiesparender Betrieb und verschiedene RAL-Farbausf\u00fchrungen nach Kundenwunsch machen die Leuchte f\u00fcr den Einsatz in B\u00fcro- oder Industrieanwendungen geeignet.<\/div>\n<div><\/div>\n<div><\/div>\n<div><a href=\"https:\/\/teslux.sk\/wp-content\/uploads\/2022\/09\/katalogovy-list-TSLX-LL.pdf\">Katalog-Liste-TSLX-LL<\/a><\/div>\n","protected":false},"excerpt":{"rendered":"<p>Die Leuchte bietet hochwertige Beleuchtung im B\u00fcro. Mit Leistungen von 18 bis 48 W und Lichtstr\u00f6men von 1980 bis 5280 lm ist sie ein hervorragender Ersatz f\u00fcr herk\u00f6mmliche Langfeldleuchten. Hervorragende W\u00e4rmeableitung, die M\u00f6glichkeit der Vernetzung bis zu 12 Metern, energiesparender Betrieb und verschiedene RAL-Farbausf\u00fchrungen nach Kundenwunsch machen die Leuchte f\u00fcr den Einsatz in B\u00fcro- oder [&hellip;]<\/p>\n","protected":false},"featured_media":25550,"template":"","meta":[],"product_brand":[],"product_cat":[48],"product_tag":[],"class_list":{"0":"post-7688","1":"product","2":"type-product","3":"status-publish","4":"has-post-thumbnail","6":"product_cat-nezaradene","8":"first","9":"instock","10":"taxable","11":"shipping-taxable","12":"product-type-variable"},"jetpack_sharing_enabled":true,"_links":{"self":[{"href":"https:\/\/teslux.sk\/de\/wp-json\/wp\/v2\/product\/7688","targetHints":{"allow":["GET"]}}],"collection":[{"href":"https:\/\/teslux.sk\/de\/wp-json\/wp\/v2\/product"}],"about":[{"href":"https:\/\/teslux.sk\/de\/wp-json\/wp\/v2\/types\/product"}],"wp:featuredmedia":[{"embeddable":true,"href":"https:\/\/teslux.sk\/de\/wp-json\/wp\/v2\/media\/25550"}],"wp:attachment":[{"href":"https:\/\/teslux.sk\/de\/wp-json\/wp\/v2\/media?parent=7688"}],"wp:term":[{"taxonomy":"product_brand","embeddable":true,"href":"https:\/\/teslux.sk\/de\/wp-json\/wp\/v2\/product_brand?post=7688"},{"taxonomy":"product_cat","embeddable":true,"href":"https:\/\/teslux.sk\/de\/wp-json\/wp\/v2\/product_cat?post=7688"},{"taxonomy":"product_tag","embeddable":true,"href":"https:\/\/teslux.sk\/de\/wp-json\/wp\/v2\/product_tag?post=7688"}],"curies":[{"name":"wp","href":"https:\/\/api.w.org\/{rel}","templated":true}]}}