{"id":7706,"date":"2022-09-16T13:47:44","date_gmt":"2022-09-16T11:47:44","guid":{"rendered":"https:\/\/teslux.sk\/shop\/product\/led-strassenlampe\/"},"modified":"2022-09-16T13:47:44","modified_gmt":"2022-09-16T11:47:44","slug":"strasenlaterne","status":"publish","type":"product","link":"https:\/\/teslux.sk\/de\/shop\/product\/strasenlaterne\/","title":{"rendered":"LED-Stra\u00dfenlampe"},"content":{"rendered":"<div>\n<p><span class=\"JsGRdQ\">Die Stra\u00dfenbeleuchtung ist ein wesentlicher Bestandteil der st\u00e4dtischen und l\u00e4ndlichen Infrastruktur. Die Beleuchtung tr\u00e4gt dazu bei, dass  <\/span><span class=\"JsGRdQ\">sichere Umgebung <\/span><span class=\"JsGRdQ\">f\u00fcr Fu\u00dfg\u00e4nger und Autofahrer.<\/span> <span class=\"JsGRdQ\">Unsere Stra\u00dfenbeleuchtung in <\/span><span class=\"JsGRdQ\">h\u00f6chster Qualit\u00e4t<\/span><span class=\"JsGRdQ\"> gew\u00e4hrleistet durch <\/span><span class=\"JsGRdQ\">zuverl\u00e4ssigen Betrieb <\/span><span class=\"JsGRdQ\">ohne Kompromisse.<\/span><\/p>\n<p>Die LED-Stra\u00dfenleuchte ist f\u00fcr die Beleuchtung von <strong>Stra\u00dfen, H\u00f6fen, Parkpl\u00e4tzen und Sportpl\u00e4tzen <\/strong>geeignet <strong>. <\/strong>Sie bietet einen hohen <strong>Lichtstrom von 9000 &#8211; 34000 lm<\/strong> und eine hervorragende Verarbeitung und somit einen <strong>wartungsfreien Betrieb<\/strong>.<\/p>\n<\/div>\n<div>Nat\u00fcrlich gibt es eine hohe Energieeinsparung und <strong>sofortige volle Lichtleistung<\/strong>.<\/div>\n<div><\/div>\n<div><\/div>\n<div><a href=\"https:\/\/teslux.sk\/wp-content\/uploads\/2022\/09\/katalogovy-list-TSLX-SL.pdf\">Katalog-Liste-TSLX-SL<\/a><\/div>\n","protected":false},"excerpt":{"rendered":"<p>Die Stra\u00dfenbeleuchtung ist ein wesentlicher Bestandteil der st\u00e4dtischen und l\u00e4ndlichen Infrastruktur. Die Beleuchtung tr\u00e4gt dazu bei, dass sichere Umgebung f\u00fcr Fu\u00dfg\u00e4nger und Autofahrer. Unsere Stra\u00dfenbeleuchtung in h\u00f6chster Qualit\u00e4t gew\u00e4hrleistet durch zuverl\u00e4ssigen Betrieb ohne Kompromisse. Die LED-Stra\u00dfenleuchte ist f\u00fcr die Beleuchtung von Stra\u00dfen, H\u00f6fen, Parkpl\u00e4tzen und Sportpl\u00e4tzen geeignet . Sie bietet einen hohen Lichtstrom von 9000 [&hellip;]<\/p>\n","protected":false},"featured_media":25561,"template":"","meta":[],"product_brand":[],"product_cat":[69],"product_tag":[71],"class_list":{"0":"post-7706","1":"product","2":"type-product","3":"status-publish","4":"has-post-thumbnail","6":"product_cat-offentliche-beleuchtung","7":"product_tag-neu","9":"first","10":"instock","11":"taxable","12":"shipping-taxable","13":"product-type-variable"},"jetpack_sharing_enabled":true,"_links":{"self":[{"href":"https:\/\/teslux.sk\/de\/wp-json\/wp\/v2\/product\/7706","targetHints":{"allow":["GET"]}}],"collection":[{"href":"https:\/\/teslux.sk\/de\/wp-json\/wp\/v2\/product"}],"about":[{"href":"https:\/\/teslux.sk\/de\/wp-json\/wp\/v2\/types\/product"}],"wp:featuredmedia":[{"embeddable":true,"href":"https:\/\/teslux.sk\/de\/wp-json\/wp\/v2\/media\/25561"}],"wp:attachment":[{"href":"https:\/\/teslux.sk\/de\/wp-json\/wp\/v2\/media?parent=7706"}],"wp:term":[{"taxonomy":"product_brand","embeddable":true,"href":"https:\/\/teslux.sk\/de\/wp-json\/wp\/v2\/product_brand?post=7706"},{"taxonomy":"product_cat","embeddable":true,"href":"https:\/\/teslux.sk\/de\/wp-json\/wp\/v2\/product_cat?post=7706"},{"taxonomy":"product_tag","embeddable":true,"href":"https:\/\/teslux.sk\/de\/wp-json\/wp\/v2\/product_tag?post=7706"}],"curies":[{"name":"wp","href":"https:\/\/api.w.org\/{rel}","templated":true}]}}